{"id":10445,"date":"2018-08-06T17:42:22","date_gmt":"2018-08-06T15:42:22","guid":{"rendered":"https:\/\/upperinc.com\/previews\/wp\/larch\/multipage\/?page_id=10445"},"modified":"2021-11-02T15:45:07","modified_gmt":"2021-11-02T14:45:07","slug":"kontakt","status":"publish","type":"page","link":"https:\/\/foodops.pl\/pl\/kontakt\/","title":{"rendered":"B\u0105d\u017amy w kontakcie"},"content":{"rendered":"<p>[vc_row full_width=&#8221;stretch_row_content&#8221; css=&#8221;.vc_custom_1492206304652{padding-top: 100px !important;padding-right: 50px !important;padding-bottom: 100px !important;padding-left: 50px !important;}&#8221;][vc_column width=&#8221;1\/3&#8243; el_class=&#8221;box-paddingr&#8221;][vc_custom_heading text=&#8221;FoodOps<br \/>\nSp. z o.o.&#8221; use_theme_fonts=&#8221;yes&#8221; el_class=&#8221;no-letter-spacing&#8221;][vc_empty_space height=&#8221;10px&#8221;][vc_custom_heading text=&#8221;Ch\u0119tnie odpowiemy na ka\u017cde Twoje pytanie!&#8221; font_container=&#8221;tag:p|font_size:16px|text_align:left|color:%23999999|line_height:25px&#8221; use_theme_fonts=&#8221;yes&#8221; el_class=&#8221;no-letter-spacing&#8221;][vc_empty_space height=&#8221;25px&#8221;][vc_column_text]Zrazim 44, 88-430 Janowiec Wielkopolski<br \/>\nwoj. kujawsko-pomorskie<\/p>\n<p><strong>NIP:<\/strong> 5621813357<\/p>\n<p><strong>E-mail:<\/strong> <a href=\"mailto:info@FoodOps.pl\">info@FoodOps.pl<\/a><br \/>\n<strong>Telefon:<\/strong> <a href=\"tel:+48609148737\">+48 609 148 737<\/a><br \/>\n<strong>Telefon:<\/strong> <a href=\"tel:+48509740423\">+48 509 740 423<\/a>[\/vc_column_text][vc_empty_space height=&#8221;25px&#8221;]<div class=\"ult-just-icon-wrapper align-icon-left \"><div class=\"align-icon\" style=\"text-align:left;\">\n<a class=\"aio-tooltip 6a090b3e5d135\" href=\"#\"  data-toggle=\"tooltip\" data-placement=\"\"><div class=\"aio-icon circle \" data-animation=\"fadeInUp\" data-animation-delay=\"03\" style=\"color:#ffffff;background:__USE_THEME_MAIN_COLOR__;font-size:12px;\">\n\t<i class=\"Defaults-twitter\"><\/i>\n<\/div><\/a><\/div><\/div><div class=\"ult-just-icon-wrapper align-icon-left \"><div class=\"align-icon\" style=\"text-align:left;\">\n<a class=\"aio-tooltip 6a090b3e5d187\" href=\"#\"  data-toggle=\"tooltip\" data-placement=\"\"><div class=\"aio-icon circle \" data-animation=\"fadeInUp\" data-animation-delay=\"03\" style=\"color:#ffffff;background:__USE_THEME_MAIN_COLOR__;font-size:12px;\">\n\t<i class=\"Defaults-facebook facebook-f\"><\/i>\n<\/div><\/a><\/div><\/div><div class=\"ult-just-icon-wrapper align-icon-left \"><div class=\"align-icon\" style=\"text-align:left;\">\n<a class=\"aio-tooltip 6a090b3e5d1af\" href=\"#\"  data-toggle=\"tooltip\" data-placement=\"\"><div class=\"aio-icon circle \" data-animation=\"fadeInUp\" data-animation-delay=\"03\" style=\"color:#ffffff;background:__USE_THEME_MAIN_COLOR__;font-size:12px;\">\n\t<i class=\"Defaults-linkedin\"><\/i>\n<\/div><\/a><\/div><\/div>[vc_empty_space height=&#8221;20px&#8221;][vc_raw_html]JTNDYSUyMHRhcmdldCUzRCUyMl9ibGFuayUyMiUyMGhyZWYlM0QlMjJodHRwcyUzQSUyRiUyRndpenl0b3drYS5yemV0ZWxuYWZpcm1hLnBsJTJGRDBWVThQRUMlMjIlMjByZWwlM0QlMjJub2ZvbGxvdyUyMiUzRSUzQ2ltZyUyMHNyYyUzRCUyMmh0dHBzJTNBJTJGJTJGYWt0eXdueWJhbmVyLnJ6ZXRlbG5hZmlybWEucGwlMkZBY3RpdmVCYW5uZXIlMkZHZXRBY3RpdmVCYW5uZXJJbWFnZSUyRjEzJTJGRDBWVThQRUMlMjIlMjBzdHlsZSUzRCUyMmJvcmRlciUzQW5vbmUlM0IlMjIlM0UlM0MlMkZhJTNF[\/vc_raw_html][\/vc_column][vc_column width=&#8221;2\/3&#8243;]<div class=\"ult-spacer spacer-6a090b3e5d1cf\" data-id=\"6a090b3e5d1cf\" data-height=\"0\" data-height-mobile=\"70\" data-height-tab=\"\" data-height-tab-portrait=\"\" data-height-mobile-landscape=\"70\" style=\"clear:both;display:block;\"><\/div><div role=\"form\" class=\"wpcf7\" id=\"wpcf7-f9028-o1\" lang=\"en-US\" dir=\"ltr\">\n<div class=\"screen-reader-response\"><p role=\"status\" aria-live=\"polite\" aria-atomic=\"true\"><\/p> <ul><\/ul><\/div>\n<form action=\"\/pl\/wp-json\/wp\/v2\/pages\/10445#wpcf7-f9028-o1\" method=\"post\" class=\"wpcf7-form init demo\" novalidate=\"novalidate\" data-status=\"init\">\n<div style=\"display: none;\">\n<input type=\"hidden\" name=\"_wpcf7\" value=\"9028\" \/>\n<input type=\"hidden\" name=\"_wpcf7_version\" value=\"5.5.3\" \/>\n<input type=\"hidden\" name=\"_wpcf7_locale\" value=\"en_US\" \/>\n<input type=\"hidden\" name=\"_wpcf7_unit_tag\" value=\"wpcf7-f9028-o1\" \/>\n<input type=\"hidden\" name=\"_wpcf7_container_post\" value=\"0\" \/>\n<input type=\"hidden\" name=\"_wpcf7_posted_data_hash\" value=\"\" \/>\n<input type=\"hidden\" name=\"_wpcf7_recaptcha_response\" value=\"\" \/>\n<\/div>\n<div class=\"larch-multiple-fields\">\n<div class=\"f-name\">\n<p>Twoje imi\u0119 i nazwisko <span class=\"cforms-required\">(wymagane)<\/span><br \/>\n    <span class=\"wpcf7-form-control-wrap your-name\"><input type=\"text\" name=\"your-name\" value=\"\" size=\"40\" class=\"wpcf7-form-control wpcf7-text wpcf7-validates-as-required\" aria-required=\"true\" aria-invalid=\"false\" \/><\/span> <\/p>\n<\/div>\n<div class=\"f-email\">\n<p>Tw\u00f3j-email <span class=\"cforms-required\">(wymagane)<\/span><br \/>\n    <span class=\"wpcf7-form-control-wrap your-email\"><input type=\"email\" name=\"your-email\" value=\"\" size=\"40\" class=\"wpcf7-form-control wpcf7-text wpcf7-email wpcf7-validates-as-required wpcf7-validates-as-email\" aria-required=\"true\" aria-invalid=\"false\" \/><\/span> <\/p>\n<\/div>\n<div class=\"f-subject\">\n<p>Nazwa firmy<br \/>\n    <span class=\"wpcf7-form-control-wrap your-subject\"><input type=\"text\" name=\"your-subject\" value=\"\" size=\"40\" class=\"wpcf7-form-control wpcf7-text\" aria-invalid=\"false\" \/><\/span> <\/p>\n<\/div>\n<div class=\"f-service\">\n<p>Temat<br \/>\n<span class=\"wpcf7-form-control-wrap menu-781\"><select name=\"menu-781\" class=\"wpcf7-form-control wpcf7-select\" aria-invalid=\"false\"><option value=\"Oferta\">Oferta<\/option><option value=\"Us\u0142ugi\">Us\u0142ugi<\/option><option value=\"Wsp\u00f3\u0142praca dystrybucyjna\">Wsp\u00f3\u0142praca dystrybucyjna<\/option><option value=\"Inne\">Inne<\/option><\/select><\/span><\/div>\n<div class=\"f-message\">\n<p>Tre\u015b\u0107 zapytania<br \/>\n    <span class=\"wpcf7-form-control-wrap your-message\"><textarea name=\"your-message\" cols=\"40\" rows=\"10\" class=\"wpcf7-form-control wpcf7-textarea\" aria-invalid=\"false\"><\/textarea><\/span> <\/p>\n<\/div>\n<div class=\"bt-contact\">\n   <a class=\"btn-contact-left\"><input type=\"submit\" value=\"WY\u015aLIJ WIADOMO\u015a\u0106\" class=\"wpcf7-form-control has-spinner wpcf7-submit\" \/><\/a>\n<\/div>\n<\/div>\n<div class=\"wpcf7-response-output\" aria-hidden=\"true\"><\/div><\/form><\/div>[\/vc_column][\/vc_row][vc_row full_width=&#8221;stretch_row_content&#8221;][vc_column]<div class=\"ult-animation  ult-animate-viewport  ult-no-mobile \" data-animate=\"fadeIn\" data-animation-delay=\"1\" data-animation-duration=\"1\" data-animation-iteration=\"1\" style=\"opacity:0;\" data-opacity_start_effect=\"80\">[vc_gmaps link=&#8221;#E-8_JTNDaWZyYW1lJTIwc3JjJTNEJTIyaHR0cHMlM0ElMkYlMkZ3d3cuZ29vZ2xlLmNvbSUyRm1hcHMlMkZlbWJlZCUzRnBiJTNEJTIxMW0xOCUyMTFtMTIlMjExbTMlMjExZDM4NjE5Ljk0MjQ1NTA4ODE3JTIxMmQxNy41MDQ0ODQ2MTA2OTAwOTYlMjEzZDUyLjc3Mjg0NzY5ODY3NDEzNCUyMTJtMyUyMTFmMCUyMTJmMCUyMTNmMCUyMTNtMiUyMTFpMTAyNCUyMTJpNzY4JTIxNGYxMy4xJTIxM20zJTIxMW0yJTIxMXMweDQ3MDQ4MWZkZmU4NjBhNDElMjUzQTB4M2NkNzQwYzdlZmViMTljOCUyMTJzWnJhemltJTI1MjA0NCUyNTJDJTI1MjA4OC00MzAlMjUyMFpyYXppbSUyMTVlMCUyMTNtMiUyMTFzcGwlMjEyc3BsJTIxNHYxNjAzMDgxMzk0MTUzJTIxNW0yJTIxMXNwbCUyMTJzcGwlMjIlMjB3aWR0aCUzRCUyMjE2MDAlMjIlMjBoZWlnaHQlM0QlMjI0NTAlMjIlMjBmcmFtZWJvcmRlciUzRCUyMjAlMjIlMjBzdHlsZSUzRCUyMmJvcmRlciUzQTAlM0IlMjIlMjBhbGxvd2Z1bGxzY3JlZW4lM0QlMjIlMjIlMjBhcmlhLWhpZGRlbiUzRCUyMmZhbHNlJTIyJTIwdGFiaW5kZXglM0QlMjIwJTIyJTNFJTNDJTJGaWZyYW1lJTNF&#8221;]<\/div>[\/vc_column][\/vc_row][vc_row full_width=&#8221;stretch_row_content_no_spaces&#8221; css=&#8221;.vc_custom_1492202652410{padding-top: 1px !important;padding-bottom: 1px !important;}&#8221;][vc_column][vc_separator color=&#8221;custom&#8221; accent_color=&#8221;#ededed&#8221;][\/vc_column][\/vc_row]<\/p>\n","protected":false},"excerpt":{"rendered":"<p>[vc_row full_width=&#8221;stretch_row_content&#8221; css=&#8221;.vc_custom_1492206304652{padding-top: 100px !important;padding-right: 50px !important;padding-bottom: 100px !important;padding-left: 50px !important;}&#8221;][vc_column width=&#8221;1\/3&#8243; el_class=&#8221;box-paddingr&#8221;][vc_custom_heading text=&#8221;FoodOps Sp. z o.o.&#8221; use_theme_fonts=&#8221;yes&#8221; el_class=&#8221;no-letter-spacing&#8221;][vc_empty_space height=&#8221;10px&#8221;][vc_custom_heading text=&#8221;Ch\u0119tnie odpowiemy na ka\u017cde Twoje pytanie!&#8221; font_container=&#8221;tag:p|font_size:16px|text_align:left|color:%23999999|line_height:25px&#8221; use_theme_fonts=&#8221;yes&#8221; el_class=&#8221;no-letter-spacing&#8221;][vc_empty_space height=&#8221;25px&#8221;][vc_column_text]Zrazim 44, 88-430 Janowiec Wielkopolski woj. kujawsko-pomorskie NIP: 5621813357 E-mail: info@FoodOps.pl Telefon: +48 609 148 737 Telefon: +48 509 740 423[\/vc_column_text][vc_empty_space height=&#8221;25px&#8221;][vc_empty_space height=&#8221;20px&#8221;][vc_raw_html]JTNDYSUyMHRhcmdldCUzRCUyMl9ibGFuayUyMiUyMGhyZWYlM0QlMjJodHRwcyUzQSUyRiUyRndpenl0b3drYS5yemV0ZWxuYWZpcm1hLnBsJTJGRDBWVThQRUMlMjIlMjByZWwlM0QlMjJub2ZvbGxvdyUyMiUzRSUzQ2ltZyUyMHNyYyUzRCUyMmh0dHBzJTNBJTJGJTJGYWt0eXdueWJhbmVyLnJ6ZXRlbG5hZmlybWEucGwlMkZBY3RpdmVCYW5uZXIlMkZHZXRBY3RpdmVCYW5uZXJJbWFnZSUyRjEzJTJGRDBWVThQRUMlMjIlMjBzdHlsZSUzRCUyMmJvcmRlciUzQW5vbmUlM0IlMjIlM0UlM0MlMkZhJTNF[\/vc_raw_html][\/vc_column][vc_column width=&#8221;2\/3&#8243;][\/vc_column][\/vc_row][vc_row full_width=&#8221;stretch_row_content&#8221;][vc_column][\/vc_column][\/vc_row][vc_row full_width=&#8221;stretch_row_content_no_spaces&#8221; [&hellip;]<\/p>\n","protected":false},"author":1,"featured_media":0,"parent":0,"menu_order":0,"comment_status":"closed","ping_status":"closed","template":"page.php","meta":[],"_links":{"self":[{"href":"https:\/\/foodops.pl\/pl\/wp-json\/wp\/v2\/pages\/10445"}],"collection":[{"href":"https:\/\/foodops.pl\/pl\/wp-json\/wp\/v2\/pages"}],"about":[{"href":"https:\/\/foodops.pl\/pl\/wp-json\/wp\/v2\/types\/page"}],"author":[{"embeddable":true,"href":"https:\/\/foodops.pl\/pl\/wp-json\/wp\/v2\/users\/1"}],"replies":[{"embeddable":true,"href":"https:\/\/foodops.pl\/pl\/wp-json\/wp\/v2\/comments?post=10445"}],"version-history":[{"count":18,"href":"https:\/\/foodops.pl\/pl\/wp-json\/wp\/v2\/pages\/10445\/revisions"}],"predecessor-version":[{"id":14121,"href":"https:\/\/foodops.pl\/pl\/wp-json\/wp\/v2\/pages\/10445\/revisions\/14121"}],"wp:attachment":[{"href":"https:\/\/foodops.pl\/pl\/wp-json\/wp\/v2\/media?parent=10445"}],"curies":[{"name":"wp","href":"https:\/\/api.w.org\/{rel}","templated":true}]}}