{"id":12640,"date":"2018-11-02T19:28:42","date_gmt":"2018-11-02T18:28:42","guid":{"rendered":"https:\/\/upperinc.com\/previews\/wp\/larch\/?page_id=12640"},"modified":"2021-05-13T19:37:47","modified_gmt":"2021-05-13T17:37:47","slug":"oferta-produktowa","status":"publish","type":"page","link":"https:\/\/foodops.pl\/pl\/oferta-produktowa\/","title":{"rendered":"Nasza oferta"},"content":{"rendered":"<p>[vc_row full_width=&#8221;stretch_row_content_no_spaces&#8221; equal_height=&#8221;yes&#8221; content_placement=&#8221;middle&#8221; bg_type=&#8221;bg_color&#8221; bg_color_value=&#8221;#ffffff&#8221;][vc_column width=&#8221;1\/2&#8243; el_class=&#8221;home-padding2&#8243;]<div class=\"ult-content-box-container \" >\t\t<div class=\"ult-content-box\" style=\"background-color:#ffffff;box-shadow: px px px px none;padding-top:100px;padding-right:80px;padding-bottom:100px;padding-left:80px;min-height:500px;-webkit-transition: all 700ms ease;-moz-transition: all 700ms ease;-ms-transition: all 700ms ease;-o-transition: all 700ms ease;transition: all 700ms ease;\"  data-hover_box_shadow=\"none\"     data-bg=\"#ffffff\" >[vc_custom_heading text=&#8221;Suszone <u>zio\u0142a<\/u>&#8221; font_container=&#8221;tag:h3|text_align:left&#8221; use_theme_fonts=&#8221;yes&#8221;][vc_empty_space height=&#8221;20px&#8221;][vc_column_text]<\/p>\n<p style=\"text-align: justify;\">Niezb\u0119dny dodatek w ka\u017cdej prawdziwej kuchni, nadaj\u0105 smak i zapach wielu potrawom. W naszej ofercie znajdziesz najpopularniejsze z zi\u00f3\u0142 na polskim rynku, ch\u0119tnie wybierany przez klient\u00f3w B2B majeranek o szerokim zastosowaniu w przemy\u015ble spo\u017cywczym czy coraz cz\u0119\u015bciej poszukiwany szpinak.<\/p>\n<ul>\n<li>na\u0107 pietruszki<\/li>\n<li>koper<\/li>\n<li>szpinak<\/li>\n<li>cz\u0105ber<\/li>\n<li>tymianek<\/li>\n<li>majeranek<\/li>\n<li>estragon<\/li>\n<\/ul>\n<p>[\/vc_column_text]\t\t<\/div><\/div>[\/vc_column][vc_column width=&#8221;1\/2&#8243; css=&#8221;.vc_custom_1602320582224{background-image: url(https:\/\/foodops.pl\/wp-content\/uploads\/2020\/10\/oferta3.jpg?id=13824) !important;background-position: center !important;background-repeat: no-repeat !important;background-size: cover !important;}&#8221; el_class=&#8221;minheightbox-mobile&#8221;][\/vc_column][\/vc_row][vc_row full_width=&#8221;stretch_row_content_no_spaces&#8221; equal_height=&#8221;yes&#8221; content_placement=&#8221;middle&#8221;][vc_column width=&#8221;1\/2&#8243; css=&#8221;.vc_custom_1602320294663{background-image: url(https:\/\/foodops.pl\/wp-content\/uploads\/2020\/10\/oferta5.jpg?id=13822) !important;background-position: center !important;background-repeat: no-repeat !important;background-size: cover !important;}&#8221; el_class=&#8221;minheightbox-mobile&#8221;][\/vc_column][vc_column width=&#8221;1\/2&#8243; el_class=&#8221;home-padding2&#8243;]<div class=\"ult-content-box-container \" >\t\t<div class=\"ult-content-box\" style=\"background-color:#ffffff;box-shadow: px px px px none;padding-top:100px;padding-right:80px;padding-bottom:100px;padding-left:80px;min-height:500px;-webkit-transition: all 700ms ease;-moz-transition: all 700ms ease;-ms-transition: all 700ms ease;-o-transition: all 700ms ease;transition: all 700ms ease;\"  data-hover_box_shadow=\"none\"     data-bg=\"#ffffff\" >[vc_custom_heading text=&#8221;Suszone <u>warzywa<\/u>&#8221; font_container=&#8221;tag:h3|text_align:left&#8221; use_theme_fonts=&#8221;yes&#8221;][vc_empty_space height=&#8221;20px&#8221;][vc_column_text]<\/p>\n<p style=\"text-align: justify;\">Kt\u00f3\u017c wyobra\u017ca sobie gotowanie bez warzyw? Te nasze, polskie posiadaj\u0105 wiele cennych warto\u015bci od\u017cywczych dla naszego organizmu, oraz pyszny, naturalny smak. Zalet\u0105 suszonych warzyw, jest ich szerokie zastosowanie, ca\u0142oroczna dost\u0119pno\u015b\u0107 oraz optymalna wydajno\u015b\u0107.<\/p>\n<ul>\n<li>marchew<\/li>\n<li>pasternak<\/li>\n<li>buraczek<\/li>\n<li>por<\/li>\n<li>kapusta<\/li>\n<li>seler<\/li>\n<\/ul>\n<p>[\/vc_column_text][vc_empty_space height=&#8221;40px&#8221;][vc_row_inner css=&#8221;.vc_custom_1524690071999{margin-bottom: 30px !important;}&#8221;][vc_column_inner width=&#8221;1\/2&#8243;]<div class=\"aio-icon-component   align-icontop-left style_1\"><div id=\"Info-box-wrap-7963\" class=\"aio-icon-box top-icon\" style=\"\"  ><div class=\"aio-icon-top\"><div class=\"ult-just-icon-wrapper  \"><div class=\"align-icon\" style=\"text-align:center;\">\n<div class=\"aio-icon none \"  style=\"color:__USE_THEME_MAIN_COLOR__;font-size:40px;display:inline-block;\">\n\t<i class=\"Defaults-spinner\"><\/i>\n<\/div><\/div><\/div><\/div><div class=\"aio-icon-header\" ><h3 class=\"aio-icon-title ult-responsive\"  data-ultimate-target='#Info-box-wrap-7963 .aio-icon-title'  data-responsive-json-new='{\"font-size\":\"desktop:17px;\",\"line-height\":\"\"}'  style=\"font-family:&#039;Roboto&#039;;font-weight:700;color:#2e2e2e;\">Dost\u0119pne frakcje<\/h3><\/div> <!-- header --><div class=\"aio-icon-description ult-responsive\"  data-ultimate-target='#Info-box-wrap-7963 .aio-icon-description'  data-responsive-json-new='{\"font-size\":\"\",\"line-height\":\"\"}'  style=\"\">Kostki, plasterki, s\u0142upki, p\u0142atki, krusz.<\/div> <!-- description --><\/div> <!-- aio-icon-box --><\/div> <!-- aio-icon-component -->[\/vc_column_inner][vc_column_inner width=&#8221;1\/2&#8243;]<div class=\"ult-spacer spacer-6a09086e09653\" data-id=\"6a09086e09653\" data-height=\"\" data-height-mobile=\"40\" data-height-tab=\"\" data-height-tab-portrait=\"\" data-height-mobile-landscape=\"40\" style=\"clear:both;display:block;\"><\/div>[\/vc_column_inner][\/vc_row_inner]\t\t<\/div><\/div>[\/vc_column][\/vc_row][vc_row full_width=&#8221;stretch_row_content_no_spaces&#8221; equal_height=&#8221;yes&#8221; content_placement=&#8221;middle&#8221;][vc_column width=&#8221;1\/2&#8243; el_class=&#8221;home-padding2&#8243;]<div class=\"ult-content-box-container \" >\t\t<div class=\"ult-content-box\" style=\"background-color:#ffffff;box-shadow: px px px px none;padding-top:100px;padding-right:80px;padding-bottom:100px;padding-left:80px;min-height:500px;-webkit-transition: all 700ms ease;-moz-transition: all 700ms ease;-ms-transition: all 700ms ease;-o-transition: all 700ms ease;transition: all 700ms ease;\"  data-hover_box_shadow=\"none\"     data-bg=\"#ffffff\" >[vc_custom_heading text=&#8221;Najlepsze <u>przyprawy<\/u>&#8221; font_container=&#8221;tag:h3|text_align:left&#8221; use_theme_fonts=&#8221;yes&#8221;][vc_empty_space height=&#8221;20px&#8221;][vc_column_text]Wystarczy ich szczypta, by nada\u0107 swemu daniu wyrazistego charakteru. Posiadamy w swej ofercie bardzo szerok\u0105 gam\u0119 najlepszych jako\u015bciowo przypraw, m.in.:<\/p>\n<ul>\n<li>pieprz czarny<\/li>\n<li>pieprz bia\u0142y<\/li>\n<li>cynamon<\/li>\n<li>kardamon<\/li>\n<li>kolendra<\/li>\n<li>kminek<\/li>\n<li>kozieradka<\/li>\n<li>imbir<\/li>\n<li>kurkuma<\/li>\n<li>ga\u0142ka muszkato\u0142owa<\/li>\n<li>go\u017adziki<\/li>\n<\/ul>\n<div id=\"gtx-trans\" style=\"position: absolute; left: -285px; top: -10px;\">\n<div class=\"gtx-trans-icon\"><\/div>\n<\/div>\n<p>[\/vc_column_text]\t\t<\/div><\/div>[\/vc_column][vc_column width=&#8221;1\/2&#8243; css=&#8221;.vc_custom_1602320419552{background-image: url(https:\/\/foodops.pl\/wp-content\/uploads\/2020\/10\/oferta4.jpg?id=13823) !important;background-position: center !important;background-repeat: no-repeat !important;background-size: cover !important;}&#8221; el_class=&#8221;minheightbox-mobile&#8221;][\/vc_column][\/vc_row][vc_row full_width=&#8221;stretch_row_content_no_spaces&#8221; equal_height=&#8221;yes&#8221; content_placement=&#8221;middle&#8221;][vc_column width=&#8221;1\/2&#8243; css=&#8221;.vc_custom_1603666747184{background-image: url(https:\/\/foodops.pl\/wp-content\/uploads\/2020\/10\/oferta7.jpg?id=14002) !important;background-position: center !important;background-repeat: no-repeat !important;background-size: cover !important;}&#8221; el_class=&#8221;minheightbox-mobile&#8221;][\/vc_column][vc_column width=&#8221;1\/2&#8243; el_class=&#8221;home-padding2&#8243;]<div class=\"ult-content-box-container \" >\t\t<div class=\"ult-content-box\" style=\"background-color:#ffffff;box-shadow: px px px px none;padding-top:100px;padding-right:80px;padding-bottom:100px;padding-left:80px;min-height:500px;-webkit-transition: all 700ms ease;-moz-transition: all 700ms ease;-ms-transition: all 700ms ease;-o-transition: all 700ms ease;transition: all 700ms ease;\"  data-hover_box_shadow=\"none\"     data-bg=\"#ffffff\" >[vc_custom_heading text=&#8221;Ekstrakty przypraw \/ <u>Naturalne aromaty<\/u>&#8221; font_container=&#8221;tag:h3|text_align:left&#8221; use_theme_fonts=&#8221;yes&#8221;][vc_empty_space height=&#8221;20px&#8221;][vc_column_text]<\/p>\n<p style=\"text-align: justify;\">Ch\u0119tnie wybierane przez Klient\u00f3w B2B naturalne aromaty, s\u0105 cz\u0119sto stosowane w wielu recepturach ich nowych produkt\u00f3w. Maj\u0105 intensywny smak oraz barw\u0119, co dodatkowo wp\u0142ywa korzystnie na ich wydajno\u015b\u0107.<\/p>\n<ul>\n<li>pieprz czarny<\/li>\n<li>ga\u0142ka muszkato\u0142owa<\/li>\n<li>papryka s\u0142odka<\/li>\n<li>chilli<\/li>\n<li>czosnek<\/li>\n<li>ziele angielskie<\/li>\n<\/ul>\n<p>[\/vc_column_text][vc_empty_space height=&#8221;40px&#8221;]\t\t<\/div><\/div>[\/vc_column][\/vc_row][vc_row full_width=&#8221;stretch_row_content_no_spaces&#8221; equal_height=&#8221;yes&#8221; content_placement=&#8221;middle&#8221;][vc_column width=&#8221;1\/2&#8243; el_class=&#8221;home-padding2&#8243;]<div class=\"ult-content-box-container \" >\t\t<div class=\"ult-content-box\" style=\"background-color:#ffffff;box-shadow: px px px px none;padding-top:100px;padding-right:80px;padding-bottom:100px;padding-left:80px;min-height:500px;-webkit-transition: all 700ms ease;-moz-transition: all 700ms ease;-ms-transition: all 700ms ease;-o-transition: all 700ms ease;transition: all 700ms ease;\"  data-hover_box_shadow=\"none\"     data-bg=\"#ffffff\" >[vc_custom_heading text=&#8221;Koncentraty spo\u017cywcze <u>w proszku<\/u>:&#8221; font_container=&#8221;tag:h3|text_align:left&#8221; use_theme_fonts=&#8221;yes&#8221;][vc_empty_space height=&#8221;20px&#8221;][vc_column_text]Suszone rozpy\u0142owo proszki owocowo-warzywne, s\u0105 produktem, kt\u00f3ry jest stosowany w nieograniczony spos\u00f3b w bran\u017cy spo\u017cywczej &#8211; wp\u0142ywa na to wiele kwestii takich jak: kolor, smak, zapach, dobra cena, wydajno\u015b\u0107, \u0142atwo\u015b\u0107 dozowania i przechowywania.<\/p>\n<ul>\n<li>buraczek<\/li>\n<li>marchew<\/li>\n<li>jab\u0142ko<\/li>\n<li>wi\u015bnia<\/li>\n<li>malina<\/li>\n<\/ul>\n<p>[\/vc_column_text]\t\t<\/div><\/div>[\/vc_column][vc_column width=&#8221;1\/2&#8243; css=&#8221;.vc_custom_1602320622584{background-image: url(https:\/\/foodops.pl\/wp-content\/uploads\/2020\/10\/oferta2.jpg?id=13825) !important;background-position: center !important;background-repeat: no-repeat !important;background-size: cover !important;}&#8221; el_class=&#8221;minheightbox-mobile&#8221;][\/vc_column][\/vc_row][vc_row bg_type=&#8221;image&#8221; parallax_style=&#8221;vcpb-default&#8221; bg_image_new=&#8221;id^12382|url^https:\/\/upperinc.com\/previews\/wp\/larch\/wp-content\/uploads\/2018\/10\/4324232.jpg|caption^null|alt^null|title^4324232|description^null&#8221; bg_override=&#8221;ex-full&#8221; enable_overlay=&#8221;enable_overlay_value&#8221; overlay_color=&#8221;rgba(0,0,0,0.85)&#8221; overlay_pattern=&#8221;transperant&#8221; css=&#8221;.vc_custom_1541187806348{padding-top: 120px !important;padding-bottom: 120px !important;}&#8221;][vc_column][vc_custom_heading text=&#8221;Potrzebujesz dodatkowego wsparcia?&#8221; font_container=&#8221;tag:h2|text_align:center|color:%23ffffff|line_height:1em&#8221; use_theme_fonts=&#8221;yes&#8221;][vc_custom_heading text=&#8221;Naszym partnerom oferujemy najwy\u017cszej jako\u015bci us\u0142ugi dodatkowe &#8211; sprawd\u017a!&#8221; font_container=&#8221;tag:p|font_size:18px|text_align:center|color:%23aaaaaa&#8221; use_theme_fonts=&#8221;yes&#8221;][vc_empty_space height=&#8221;20px&#8221;][vc_btn title=&#8221;OFERTA USLUG&#8221; style=&#8221;outline-custom&#8221; outline_custom_color=&#8221;__USE_THEME_MAIN_COLOR__&#8221; outline_custom_hover_background=&#8221;__USE_THEME_MAIN_COLOR__&#8221; outline_custom_hover_text=&#8221;#ffffff&#8221; shape=&#8221;square&#8221; align=&#8221;center&#8221; css_animation=&#8221;bottom-to-top&#8221; link=&#8221;url:%2Fuslugi%2F&#8221;][\/vc_column][\/vc_row][vc_row disable_element=&#8221;yes&#8221; css=&#8221;.vc_custom_1602320712157{padding-top: 120px !important;padding-bottom: 120px !important;}&#8221;][vc_column]<div class=\"ult-animation  ult-animate-viewport  ult-no-mobile \" data-animate=\"fadeInUp\" data-animation-delay=\"0.3\" data-animation-duration=\"1\" data-animation-iteration=\"1\" style=\"opacity:0;\" data-opacity_start_effect=\"\">[vc_row_inner][vc_column_inner width=&#8221;1\/4&#8243;]<div class=\"stats-block stats-top  \"><div class=\"aio-icon-top\"><div class=\"ult-just-icon-wrapper  \"><div class=\"align-icon\" style=\"text-align:center;\">\n<div class=\"aio-icon none \"  style=\"color:__USE_THEME_MAIN_COLOR__;font-size:45px;display:inline-block;\">\n\t<i class=\"linearicons-users2\"><\/i>\n<\/div><\/div><\/div><\/div><div class=\"stats-desc\" id=\"counter-responsv-wrap-8657\"><div id=\"counter_22353769026a09086e0982b\" data-id=\"counter_22353769026a09086e0982b\"  data-ultimate-target='#counter-responsv-wrap-8657 .stats-number'  data-responsive-json-new='{\"font-size\":\"desktop:30px;\",\"line-height\":\"\"}'  class=\"stats-number ult-responsive\" style=\"  font-family:&#039;Poppins&#039;;font-weight:600;\" data-speed=\"3\" data-counter-value=\"2250\" data-separator=\"none\" data-decimal=\".\">0<\/div><div id=\"counter_22353769026a09086e0982b\"  data-ultimate-target='#counter-responsv-wrap-8657 .stats-text'  data-responsive-json-new='{\"font-size\":\"desktop:11px;\",\"line-height\":\"desktop:12px;\"}'  class=\"stats-text ult-responsive\" style=\"font-size:px;  font-family:&#039;Poppins&#039;;font-weight:600;\">CURRENT CLIENTS<\/div><\/div><\/div>[\/vc_column_inner][vc_column_inner width=&#8221;1\/4&#8243;]<div class=\"ult-spacer spacer-6a09086e09856\" data-id=\"6a09086e09856\" data-height=\"\" data-height-mobile=\"40\" data-height-tab=\"\" data-height-tab-portrait=\"\" data-height-mobile-landscape=\"40\" style=\"clear:both;display:block;\"><\/div><div class=\"stats-block stats-top  \"><div class=\"aio-icon-top\"><div class=\"ult-just-icon-wrapper  \"><div class=\"align-icon\" style=\"text-align:center;\">\n<div class=\"aio-icon none \"  style=\"color:__USE_THEME_MAIN_COLOR__;font-size:45px;display:inline-block;\">\n\t<i class=\"linearicons-pen-add\"><\/i>\n<\/div><\/div><\/div><\/div><div class=\"stats-desc\" id=\"counter-responsv-wrap-6320\"><div id=\"counter_1037853496a09086e098c8\" data-id=\"counter_1037853496a09086e098c8\"  data-ultimate-target='#counter-responsv-wrap-6320 .stats-number'  data-responsive-json-new='{\"font-size\":\"desktop:30px;\",\"line-height\":\"\"}'  class=\"stats-number ult-responsive\" style=\"  font-family:&#039;Poppins&#039;;font-weight:600;\" data-speed=\"3\" data-counter-value=\"340\" data-separator=\"none\" data-decimal=\".\">0<\/div><div id=\"counter_1037853496a09086e098c8\"  data-ultimate-target='#counter-responsv-wrap-6320 .stats-text'  data-responsive-json-new='{\"font-size\":\"desktop:11px;\",\"line-height\":\"desktop:12px;\"}'  class=\"stats-text ult-responsive\" style=\"font-size:px;  font-family:&#039;Quicksand&#039;;font-weight:500;\">FINISHED WORKS<\/div><\/div><\/div>[\/vc_column_inner][vc_column_inner width=&#8221;1\/4&#8243;]<div class=\"ult-spacer spacer-6a09086e098ec\" data-id=\"6a09086e098ec\" data-height=\"\" data-height-mobile=\"40\" data-height-tab=\"\" data-height-tab-portrait=\"\" data-height-mobile-landscape=\"40\" style=\"clear:both;display:block;\"><\/div><div class=\"stats-block stats-top  \"><div class=\"aio-icon-top\"><div class=\"ult-just-icon-wrapper  \"><div class=\"align-icon\" style=\"text-align:center;\">\n<div class=\"aio-icon none \"  style=\"color:__USE_THEME_MAIN_COLOR__;font-size:45px;display:inline-block;\">\n\t<i class=\"linearicons-database-lock\"><\/i>\n<\/div><\/div><\/div><\/div><div class=\"stats-desc\" id=\"counter-responsv-wrap-4928\"><div id=\"counter_8089355786a09086e0995b\" data-id=\"counter_8089355786a09086e0995b\"  data-ultimate-target='#counter-responsv-wrap-4928 .stats-number'  data-responsive-json-new='{\"font-size\":\"desktop:30px;\",\"line-height\":\"\"}'  class=\"stats-number ult-responsive\" style=\"  font-family:&#039;Poppins&#039;;font-weight:600;\" data-speed=\"3\" data-counter-value=\"18250\" data-separator=\"none\" data-decimal=\".\">0<\/div><div id=\"counter_8089355786a09086e0995b\"  data-ultimate-target='#counter-responsv-wrap-4928 .stats-text'  data-responsive-json-new='{\"font-size\":\"desktop:11px;\",\"line-height\":\"desktop:12px;\"}'  class=\"stats-text ult-responsive\" style=\"font-size:px;  font-family:&#039;Quicksand&#039;;font-weight:500;\">DATA STORED<\/div><\/div><\/div>[\/vc_column_inner][vc_column_inner width=&#8221;1\/4&#8243;]<div class=\"ult-spacer spacer-6a09086e0997d\" data-id=\"6a09086e0997d\" data-height=\"\" data-height-mobile=\"40\" data-height-tab=\"\" data-height-tab-portrait=\"\" data-height-mobile-landscape=\"40\" style=\"clear:both;display:block;\"><\/div><div class=\"stats-block stats-top  \"><div class=\"aio-icon-top\"><div class=\"ult-just-icon-wrapper  \"><div class=\"align-icon\" style=\"text-align:center;\">\n<div class=\"aio-icon none \"  style=\"color:__USE_THEME_MAIN_COLOR__;font-size:45px;display:inline-block;\">\n\t<i class=\"linearicons-database-lock\"><\/i>\n<\/div><\/div><\/div><\/div><div class=\"stats-desc\" id=\"counter-responsv-wrap-2071\"><div id=\"counter_42465609976a09086e099e8\" data-id=\"counter_42465609976a09086e099e8\"  data-ultimate-target='#counter-responsv-wrap-2071 .stats-number'  data-responsive-json-new='{\"font-size\":\"desktop:30px;\",\"line-height\":\"\"}'  class=\"stats-number ult-responsive\" style=\"  font-family:&#039;Poppins&#039;;font-weight:600;\" data-speed=\"3\" data-counter-value=\"18250\" data-separator=\"none\" data-decimal=\".\">0<\/div><div id=\"counter_42465609976a09086e099e8\"  data-ultimate-target='#counter-responsv-wrap-2071 .stats-text'  data-responsive-json-new='{\"font-size\":\"desktop:11px;\",\"line-height\":\"desktop:12px;\"}'  class=\"stats-text ult-responsive\" style=\"font-size:px;  font-family:&#039;Quicksand&#039;;font-weight:500;\">DATA STORED<\/div><\/div><\/div>[\/vc_column_inner][\/vc_row_inner]<\/div>[\/vc_column][\/vc_row]<\/p>\n","protected":false},"excerpt":{"rendered":"<p>[vc_row full_width=&#8221;stretch_row_content_no_spaces&#8221; equal_height=&#8221;yes&#8221; content_placement=&#8221;middle&#8221; bg_type=&#8221;bg_color&#8221; bg_color_value=&#8221;#ffffff&#8221;][vc_column width=&#8221;1\/2&#8243; el_class=&#8221;home-padding2&#8243;][\/vc_column][vc_column width=&#8221;1\/2&#8243; css=&#8221;.vc_custom_1602320582224{background-image: url(https:\/\/foodops.pl\/wp-content\/uploads\/2020\/10\/oferta3.jpg?id=13824) !important;background-position: center !important;background-repeat: no-repeat !important;background-size: cover !important;}&#8221; el_class=&#8221;minheightbox-mobile&#8221;][\/vc_column][\/vc_row][vc_row full_width=&#8221;stretch_row_content_no_spaces&#8221; equal_height=&#8221;yes&#8221; content_placement=&#8221;middle&#8221;][vc_column width=&#8221;1\/2&#8243; css=&#8221;.vc_custom_1602320294663{background-image: url(https:\/\/foodops.pl\/wp-content\/uploads\/2020\/10\/oferta5.jpg?id=13822) !important;background-position: center !important;background-repeat: no-repeat !important;background-size: cover !important;}&#8221; el_class=&#8221;minheightbox-mobile&#8221;][\/vc_column][vc_column width=&#8221;1\/2&#8243; el_class=&#8221;home-padding2&#8243;][\/vc_column][\/vc_row][vc_row full_width=&#8221;stretch_row_content_no_spaces&#8221; equal_height=&#8221;yes&#8221; content_placement=&#8221;middle&#8221;][vc_column width=&#8221;1\/2&#8243; el_class=&#8221;home-padding2&#8243;][\/vc_column][vc_column width=&#8221;1\/2&#8243; css=&#8221;.vc_custom_1602320419552{background-image: url(https:\/\/foodops.pl\/wp-content\/uploads\/2020\/10\/oferta4.jpg?id=13823) !important;background-position: center !important;background-repeat: no-repeat !important;background-size: cover !important;}&#8221; el_class=&#8221;minheightbox-mobile&#8221;][\/vc_column][\/vc_row][vc_row full_width=&#8221;stretch_row_content_no_spaces&#8221; equal_height=&#8221;yes&#8221; content_placement=&#8221;middle&#8221;][vc_column width=&#8221;1\/2&#8243; [&hellip;]<\/p>\n","protected":false},"author":1,"featured_media":0,"parent":0,"menu_order":0,"comment_status":"closed","ping_status":"closed","template":"page.php","meta":[],"_links":{"self":[{"href":"https:\/\/foodops.pl\/pl\/wp-json\/wp\/v2\/pages\/12640"}],"collection":[{"href":"https:\/\/foodops.pl\/pl\/wp-json\/wp\/v2\/pages"}],"about":[{"href":"https:\/\/foodops.pl\/pl\/wp-json\/wp\/v2\/types\/page"}],"author":[{"embeddable":true,"href":"https:\/\/foodops.pl\/pl\/wp-json\/wp\/v2\/users\/1"}],"replies":[{"embeddable":true,"href":"https:\/\/foodops.pl\/pl\/wp-json\/wp\/v2\/comments?post=12640"}],"version-history":[{"count":16,"href":"https:\/\/foodops.pl\/pl\/wp-json\/wp\/v2\/pages\/12640\/revisions"}],"predecessor-version":[{"id":14115,"href":"https:\/\/foodops.pl\/pl\/wp-json\/wp\/v2\/pages\/12640\/revisions\/14115"}],"wp:attachment":[{"href":"https:\/\/foodops.pl\/pl\/wp-json\/wp\/v2\/media?parent=12640"}],"curies":[{"name":"wp","href":"https:\/\/api.w.org\/{rel}","templated":true}]}}